{"id":100,"date":"2025-06-08T16:44:08","date_gmt":"2025-06-08T16:44:08","guid":{"rendered":"https:\/\/merkim.com.tr\/merkim-maket\/?post_type=product&#038;p=100"},"modified":"2025-06-10T10:02:39","modified_gmt":"2025-06-10T10:02:39","slug":"sebaceous-cyst-pad-sebase-kist-eksizyon-egitim-seti","status":"publish","type":"product","link":"https:\/\/merkim.com.tr\/merkim-maket\/urun\/sebaceous-cyst-pad-sebase-kist-eksizyon-egitim-seti\/","title":{"rendered":"Sebaceous Cyst Pad | Sebase Kist Eksizyon E\u011fitim Seti"},"content":{"rendered":"<p class=\"ds-markdown-paragraph\"><strong>Limbs &amp; Things Sebaceous Cyst Pad<\/strong>, cerrahi e\u011fitimlerde\u00a0<strong>sebase kist eksizyonu<\/strong>\u00a0prosed\u00fcr\u00fcn\u00fcn t\u00fcm a\u015famalar\u0131n\u0131 ger\u00e7ek\u00e7i bir \u015fekilde \u00f6\u011fretmek i\u00e7in \u00f6zel olarak tasarlanm\u0131\u015f yenilik\u00e7i bir e\u011fitim sim\u00fclat\u00f6r\u00fcd\u00fcr. Bu \u00fcr\u00fcn,\u00a0<strong>dermatoloji uzmanlar\u0131, genel cerrahlar ve t\u0131p \u00f6\u011frencileri<\/strong>\u00a0i\u00e7in ideal bir e\u011fitim arac\u0131d\u0131r.<\/p>\n<h4><strong>\u00dcst\u00fcn \u00d6zellikler ve Avantajlar<\/strong><\/h4>\n<p class=\"ds-markdown-paragraph\">\u2714\u00a0<strong>Ger\u00e7ek\u00e7i Anatomik Yap\u0131:<\/strong><\/p>\n<ul>\n<li>\n<p class=\"ds-markdown-paragraph\"><strong>2 katmanl\u0131 deri yap\u0131s\u0131<\/strong>\u00a0(epidermis ve subdermal tabaka) ile insan anatomisine uygun tasar\u0131m.<\/p>\n<\/li>\n<li>\n<p class=\"ds-markdown-paragraph\"><strong>Pembe epidermis<\/strong>\u00a0ve\u00a0<strong>sar\u0131 subkutan ya\u011f<\/strong>\u00a0dokusu ile ger\u00e7ek\u00e7i renk ayr\u0131m\u0131.<\/p>\n<\/li>\n<li>\n<p class=\"ds-markdown-paragraph\"><strong>\u0130nsan derisi ortalama kal\u0131nl\u0131\u011f\u0131nda<\/strong>\u00a0epidermis tabakas\u0131.<\/p>\n<\/li>\n<li>\n<p class=\"ds-markdown-paragraph\"><strong>Unidireksiyonel esneme<\/strong>\u00a0\u00f6zelli\u011fi ile insan derisindeki kollajen yap\u0131y\u0131 taklit eder.<\/p>\n<\/li>\n<\/ul>\n<p class=\"ds-markdown-paragraph\">\u2714\u00a0<strong>Ger\u00e7ek\u00e7i Kist Yap\u0131s\u0131:<\/strong><\/p>\n<ul>\n<li>\n<p class=\"ds-markdown-paragraph\"><strong>2 adet sebase kist<\/strong>\u00a0i\u00e7erir (hasta dokusunda bulunan kistlerle ayn\u0131 \u00f6zelliklerde).<\/p>\n<\/li>\n<li>\n<p class=\"ds-markdown-paragraph\"><strong>K\u0131r\u0131lgan epidermoid duvar<\/strong>\u00a0ve\u00a0<strong>sim\u00fcle p\u00fcs<\/strong>\u00a0dolgusu.<\/p>\n<\/li>\n<li>\n<p class=\"ds-markdown-paragraph\"><strong>\u00c7evre dokuya uygun yap\u0131\u015fma<\/strong>\u00a0\u00f6zelli\u011fi ile ger\u00e7ek\u00e7i diseksiyon deneyimi.<\/p>\n<\/li>\n<li>\n<p class=\"ds-markdown-paragraph\"><strong>Deri alt\u0131na s\u0131k\u0131ca tutturulmu\u015f<\/strong>\u00a0kist yap\u0131s\u0131.<\/p>\n<\/li>\n<\/ul>\n<p class=\"ds-markdown-paragraph\">\u2714\u00a0<strong>Kapsaml\u0131 Cerrahi E\u011fitim:<\/strong><\/p>\n<ul>\n<li>\n<p class=\"ds-markdown-paragraph\"><strong>Kistin i\u015faretlenmesi ve elips planlamas\u0131.<\/strong><\/p>\n<\/li>\n<li>\n<p class=\"ds-markdown-paragraph\"><strong>Derinin insizyonu ve keskin\/k\u00fcnt diseksiyon teknikleri.<\/strong><\/p>\n<\/li>\n<li>\n<p class=\"ds-markdown-paragraph\"><strong>Patlam\u0131\u015f kist y\u00f6netimi<\/strong>\u00a0ve tam eksizyon.<\/p>\n<\/li>\n<li>\n<p class=\"ds-markdown-paragraph\"><strong>Yara kapatma (closure) teknikleri.<\/strong><\/p>\n<\/li>\n<\/ul>\n<p class=\"ds-markdown-paragraph\">\u2714\u00a0<strong>Pratik ve G\u00fcvenli Kullan\u0131m:<\/strong><\/p>\n<ul>\n<li>\n<p class=\"ds-markdown-paragraph\"><strong>125mm x 72mm<\/strong>\u00a0boyutlar\u0131yla kolay kullan\u0131m.<\/p>\n<\/li>\n<li>\n<p class=\"ds-markdown-paragraph\"><strong>Skin Pad Jig Mk 3<\/strong>\u00a0ile uyumlu (\u00fcr\u00fcn pakete dahil de\u011fildir).<\/p>\n<\/li>\n<li>\n<p class=\"ds-markdown-paragraph\"><strong>Latex i\u00e7ermeyen<\/strong>\u00a0malzeme yap\u0131s\u0131.<\/p>\n<\/li>\n<\/ul>\n<h4><strong>Kazan\u0131lan Beceriler<\/strong><\/h4>\n<ul>\n<li>\n<p class=\"ds-markdown-paragraph\"><strong>Sebase kist tan\u0131ma ve lokalizasyon.<\/strong><\/p>\n<\/li>\n<li>\n<p class=\"ds-markdown-paragraph\"><strong>Cerrahi insizyon planlamas\u0131 ve uygulamas\u0131.<\/strong><\/p>\n<\/li>\n<li>\n<p class=\"ds-markdown-paragraph\"><strong>Keskin ve k\u00fcnt diseksiyon teknikleri.<\/strong><\/p>\n<\/li>\n<li>\n<p class=\"ds-markdown-paragraph\"><strong>Komplikasyon y\u00f6netimi (patlam\u0131\u015f kist).<\/strong><\/p>\n<\/li>\n<li>\n<p class=\"ds-markdown-paragraph\"><strong>Yara kapatma ve s\u00fct\u00fcr teknikleri.<\/strong><\/p>\n<\/li>\n<\/ul>\n","protected":false},"excerpt":{"rendered":"<p><strong>Sebaceous Cyst Pad<\/strong>, sebase kist eksizyonunun t\u00fcm a\u015famalar\u0131n\u0131 \u00f6\u011freten ger\u00e7ek\u00e7i bir cerrahi e\u011fitim sim\u00fclat\u00f6r\u00fcd\u00fcr. 2 katmanl\u0131 deri yap\u0131s\u0131 ve 2 adet sim\u00fcle kist ile tam kapsaml\u0131 e\u011fitim sunar.<\/p>\n","protected":false},"featured_media":101,"comment_status":"open","ping_status":"closed","template":"","meta":[],"product_brand":[129],"product_cat":[15,522,130,128],"product_tag":[324,329,330,328,327,301,268,326,325,270],"class_list":{"0":"post-100","1":"product","2":"type-product","3":"status-publish","4":"has-post-thumbnail","6":"product_brand-limbs-things","7":"product_cat-genel","8":"product_cat-dermatoloji","9":"product_cat-nursing","10":"product_cat-limbs-things","11":"product_tag-cerrahi-beceri-gelistirme","12":"product_tag-cerrahi-diseksiyon-teknikleri","13":"product_tag-cerrahi-komplikasyon-yonetimi","14":"product_tag-dermatoloji-egitim-ekipmanlari","15":"product_tag-kist-eksizyon-egitimi","16":"product_tag-latex-free-tip-malzemesi","17":"product_tag-limbs-things","18":"product_tag-sebase-kist-simulatoru","19":"product_tag-skin-pad-jig-uyumlu","20":"product_tag-tip-ogrenci-ekipmanlari","22":"first","23":"instock","24":"shipping-taxable","25":"product-type-simple"},"yoast_head":"<!-- This site is optimized with the Yoast SEO plugin v25.2 - https:\/\/yoast.com\/wordpress\/plugins\/seo\/ -->\n<title>Sebaceous Cyst Pad | Sebase Kist Eksizyon E\u011fitim Seti - Merkim Maket<\/title>\n<meta name=\"description\" content=\"Sebaceous Cyst Pad ile ger\u00e7ek\u00e7i kist eksizyon e\u011fitimi! 2 adet sim\u00fcle kist, ger\u00e7ek\u00e7i deri katmanlar\u0131 ve t\u00fcm cerrahi a\u015famalar. Hemen inceleyin.\" \/>\n<meta name=\"robots\" content=\"index, follow, max-snippet:-1, max-image-preview:large, max-video-preview:-1\" \/>\n<link rel=\"canonical\" href=\"https:\/\/merkim.com.tr\/merkim-maket\/urun\/sebaceous-cyst-pad-sebase-kist-eksizyon-egitim-seti\/\" \/>\n<meta property=\"og:locale\" content=\"tr_TR\" \/>\n<meta property=\"og:type\" content=\"article\" \/>\n<meta property=\"og:title\" content=\"Sebaceous Cyst Pad | Sebase Kist Eksizyon E\u011fitim Seti - Merkim Maket\" \/>\n<meta property=\"og:description\" content=\"Sebaceous Cyst Pad ile ger\u00e7ek\u00e7i kist eksizyon e\u011fitimi! 2 adet sim\u00fcle kist, ger\u00e7ek\u00e7i deri katmanlar\u0131 ve t\u00fcm cerrahi a\u015famalar. Hemen inceleyin.\" \/>\n<meta property=\"og:url\" content=\"https:\/\/merkim.com.tr\/merkim-maket\/urun\/sebaceous-cyst-pad-sebase-kist-eksizyon-egitim-seti\/\" \/>\n<meta property=\"og:site_name\" content=\"Merkim Maket\" \/>\n<meta property=\"article:modified_time\" content=\"2025-06-10T10:02:39+00:00\" \/>\n<meta property=\"og:image\" content=\"https:\/\/merkim.com.tr\/merkim-maket\/wp-content\/uploads\/2025\/06\/sebaceous-cyst-pad-sebase-kist-eksizyon-egitim-simulatoru-limbs-and-things.png\" \/>\n\t<meta property=\"og:image:width\" content=\"800\" \/>\n\t<meta property=\"og:image:height\" content=\"800\" \/>\n\t<meta property=\"og:image:type\" content=\"image\/png\" \/>\n<meta name=\"twitter:card\" content=\"summary_large_image\" \/>\n<meta name=\"twitter:label1\" content=\"Tahmini okuma s\u00fcresi\" \/>\n\t<meta name=\"twitter:data1\" content=\"2 dakika\" \/>\n<script type=\"application\/ld+json\" class=\"yoast-schema-graph\">{\"@context\":\"https:\/\/schema.org\",\"@graph\":[{\"@type\":\"WebPage\",\"@id\":\"https:\/\/merkim.com.tr\/merkim-maket\/urun\/sebaceous-cyst-pad-sebase-kist-eksizyon-egitim-seti\/\",\"url\":\"https:\/\/merkim.com.tr\/merkim-maket\/urun\/sebaceous-cyst-pad-sebase-kist-eksizyon-egitim-seti\/\",\"name\":\"Sebaceous Cyst Pad | Sebase Kist Eksizyon E\u011fitim Seti - Merkim Maket\",\"isPartOf\":{\"@id\":\"https:\/\/merkim.com.tr\/merkim-maket\/#website\"},\"primaryImageOfPage\":{\"@id\":\"https:\/\/merkim.com.tr\/merkim-maket\/urun\/sebaceous-cyst-pad-sebase-kist-eksizyon-egitim-seti\/#primaryimage\"},\"image\":{\"@id\":\"https:\/\/merkim.com.tr\/merkim-maket\/urun\/sebaceous-cyst-pad-sebase-kist-eksizyon-egitim-seti\/#primaryimage\"},\"thumbnailUrl\":\"https:\/\/merkim.com.tr\/merkim-maket\/wp-content\/uploads\/2025\/06\/sebaceous-cyst-pad-sebase-kist-eksizyon-egitim-simulatoru-limbs-and-things.png\",\"datePublished\":\"2025-06-08T16:44:08+00:00\",\"dateModified\":\"2025-06-10T10:02:39+00:00\",\"description\":\"Sebaceous Cyst Pad ile ger\u00e7ek\u00e7i kist eksizyon e\u011fitimi! 2 adet sim\u00fcle kist, ger\u00e7ek\u00e7i deri katmanlar\u0131 ve t\u00fcm cerrahi a\u015famalar. Hemen inceleyin.\",\"breadcrumb\":{\"@id\":\"https:\/\/merkim.com.tr\/merkim-maket\/urun\/sebaceous-cyst-pad-sebase-kist-eksizyon-egitim-seti\/#breadcrumb\"},\"inLanguage\":\"tr\",\"potentialAction\":[{\"@type\":\"ReadAction\",\"target\":[\"https:\/\/merkim.com.tr\/merkim-maket\/urun\/sebaceous-cyst-pad-sebase-kist-eksizyon-egitim-seti\/\"]}]},{\"@type\":\"ImageObject\",\"inLanguage\":\"tr\",\"@id\":\"https:\/\/merkim.com.tr\/merkim-maket\/urun\/sebaceous-cyst-pad-sebase-kist-eksizyon-egitim-seti\/#primaryimage\",\"url\":\"https:\/\/merkim.com.tr\/merkim-maket\/wp-content\/uploads\/2025\/06\/sebaceous-cyst-pad-sebase-kist-eksizyon-egitim-simulatoru-limbs-and-things.png\",\"contentUrl\":\"https:\/\/merkim.com.tr\/merkim-maket\/wp-content\/uploads\/2025\/06\/sebaceous-cyst-pad-sebase-kist-eksizyon-egitim-simulatoru-limbs-and-things.png\",\"width\":800,\"height\":800,\"caption\":\"2 adet sim\u00fcle kist ve ger\u00e7ek\u00e7i deri katmanlar\u0131 ile cerrahi e\u011fitim\"},{\"@type\":\"BreadcrumbList\",\"@id\":\"https:\/\/merkim.com.tr\/merkim-maket\/urun\/sebaceous-cyst-pad-sebase-kist-eksizyon-egitim-seti\/#breadcrumb\",\"itemListElement\":[{\"@type\":\"ListItem\",\"position\":1,\"name\":\"Anasayfa\",\"item\":\"https:\/\/merkim.com.tr\/merkim-maket\/\"},{\"@type\":\"ListItem\",\"position\":2,\"name\":\"Ma\u011faza\",\"item\":\"https:\/\/merkim.com.tr\/merkim-maket\/magaza\/\"},{\"@type\":\"ListItem\",\"position\":3,\"name\":\"Sebaceous Cyst Pad | Sebase Kist Eksizyon E\u011fitim Seti\"}]},{\"@type\":\"WebSite\",\"@id\":\"https:\/\/merkim.com.tr\/merkim-maket\/#website\",\"url\":\"https:\/\/merkim.com.tr\/merkim-maket\/\",\"name\":\"Merkim Maket\",\"description\":\"\",\"potentialAction\":[{\"@type\":\"SearchAction\",\"target\":{\"@type\":\"EntryPoint\",\"urlTemplate\":\"https:\/\/merkim.com.tr\/merkim-maket\/?s={search_term_string}\"},\"query-input\":{\"@type\":\"PropertyValueSpecification\",\"valueRequired\":true,\"valueName\":\"search_term_string\"}}],\"inLanguage\":\"tr\"}]}<\/script>\n<!-- \/ Yoast SEO plugin. -->","yoast_head_json":{"title":"Sebaceous Cyst Pad | Sebase Kist Eksizyon E\u011fitim Seti - Merkim Maket","description":"Sebaceous Cyst Pad ile ger\u00e7ek\u00e7i kist eksizyon e\u011fitimi! 2 adet sim\u00fcle kist, ger\u00e7ek\u00e7i deri katmanlar\u0131 ve t\u00fcm cerrahi a\u015famalar. Hemen inceleyin.","robots":{"index":"index","follow":"follow","max-snippet":"max-snippet:-1","max-image-preview":"max-image-preview:large","max-video-preview":"max-video-preview:-1"},"canonical":"https:\/\/merkim.com.tr\/merkim-maket\/urun\/sebaceous-cyst-pad-sebase-kist-eksizyon-egitim-seti\/","og_locale":"tr_TR","og_type":"article","og_title":"Sebaceous Cyst Pad | Sebase Kist Eksizyon E\u011fitim Seti - Merkim Maket","og_description":"Sebaceous Cyst Pad ile ger\u00e7ek\u00e7i kist eksizyon e\u011fitimi! 2 adet sim\u00fcle kist, ger\u00e7ek\u00e7i deri katmanlar\u0131 ve t\u00fcm cerrahi a\u015famalar. Hemen inceleyin.","og_url":"https:\/\/merkim.com.tr\/merkim-maket\/urun\/sebaceous-cyst-pad-sebase-kist-eksizyon-egitim-seti\/","og_site_name":"Merkim Maket","article_modified_time":"2025-06-10T10:02:39+00:00","og_image":[{"width":800,"height":800,"url":"https:\/\/merkim.com.tr\/merkim-maket\/wp-content\/uploads\/2025\/06\/sebaceous-cyst-pad-sebase-kist-eksizyon-egitim-simulatoru-limbs-and-things.png","type":"image\/png"}],"twitter_card":"summary_large_image","twitter_misc":{"Tahmini okuma s\u00fcresi":"2 dakika"},"schema":{"@context":"https:\/\/schema.org","@graph":[{"@type":"WebPage","@id":"https:\/\/merkim.com.tr\/merkim-maket\/urun\/sebaceous-cyst-pad-sebase-kist-eksizyon-egitim-seti\/","url":"https:\/\/merkim.com.tr\/merkim-maket\/urun\/sebaceous-cyst-pad-sebase-kist-eksizyon-egitim-seti\/","name":"Sebaceous Cyst Pad | Sebase Kist Eksizyon E\u011fitim Seti - Merkim Maket","isPartOf":{"@id":"https:\/\/merkim.com.tr\/merkim-maket\/#website"},"primaryImageOfPage":{"@id":"https:\/\/merkim.com.tr\/merkim-maket\/urun\/sebaceous-cyst-pad-sebase-kist-eksizyon-egitim-seti\/#primaryimage"},"image":{"@id":"https:\/\/merkim.com.tr\/merkim-maket\/urun\/sebaceous-cyst-pad-sebase-kist-eksizyon-egitim-seti\/#primaryimage"},"thumbnailUrl":"https:\/\/merkim.com.tr\/merkim-maket\/wp-content\/uploads\/2025\/06\/sebaceous-cyst-pad-sebase-kist-eksizyon-egitim-simulatoru-limbs-and-things.png","datePublished":"2025-06-08T16:44:08+00:00","dateModified":"2025-06-10T10:02:39+00:00","description":"Sebaceous Cyst Pad ile ger\u00e7ek\u00e7i kist eksizyon e\u011fitimi! 2 adet sim\u00fcle kist, ger\u00e7ek\u00e7i deri katmanlar\u0131 ve t\u00fcm cerrahi a\u015famalar. Hemen inceleyin.","breadcrumb":{"@id":"https:\/\/merkim.com.tr\/merkim-maket\/urun\/sebaceous-cyst-pad-sebase-kist-eksizyon-egitim-seti\/#breadcrumb"},"inLanguage":"tr","potentialAction":[{"@type":"ReadAction","target":["https:\/\/merkim.com.tr\/merkim-maket\/urun\/sebaceous-cyst-pad-sebase-kist-eksizyon-egitim-seti\/"]}]},{"@type":"ImageObject","inLanguage":"tr","@id":"https:\/\/merkim.com.tr\/merkim-maket\/urun\/sebaceous-cyst-pad-sebase-kist-eksizyon-egitim-seti\/#primaryimage","url":"https:\/\/merkim.com.tr\/merkim-maket\/wp-content\/uploads\/2025\/06\/sebaceous-cyst-pad-sebase-kist-eksizyon-egitim-simulatoru-limbs-and-things.png","contentUrl":"https:\/\/merkim.com.tr\/merkim-maket\/wp-content\/uploads\/2025\/06\/sebaceous-cyst-pad-sebase-kist-eksizyon-egitim-simulatoru-limbs-and-things.png","width":800,"height":800,"caption":"2 adet sim\u00fcle kist ve ger\u00e7ek\u00e7i deri katmanlar\u0131 ile cerrahi e\u011fitim"},{"@type":"BreadcrumbList","@id":"https:\/\/merkim.com.tr\/merkim-maket\/urun\/sebaceous-cyst-pad-sebase-kist-eksizyon-egitim-seti\/#breadcrumb","itemListElement":[{"@type":"ListItem","position":1,"name":"Anasayfa","item":"https:\/\/merkim.com.tr\/merkim-maket\/"},{"@type":"ListItem","position":2,"name":"Ma\u011faza","item":"https:\/\/merkim.com.tr\/merkim-maket\/magaza\/"},{"@type":"ListItem","position":3,"name":"Sebaceous Cyst Pad | Sebase Kist Eksizyon E\u011fitim Seti"}]},{"@type":"WebSite","@id":"https:\/\/merkim.com.tr\/merkim-maket\/#website","url":"https:\/\/merkim.com.tr\/merkim-maket\/","name":"Merkim Maket","description":"","potentialAction":[{"@type":"SearchAction","target":{"@type":"EntryPoint","urlTemplate":"https:\/\/merkim.com.tr\/merkim-maket\/?s={search_term_string}"},"query-input":{"@type":"PropertyValueSpecification","valueRequired":true,"valueName":"search_term_string"}}],"inLanguage":"tr"}]}},"_links":{"self":[{"href":"https:\/\/merkim.com.tr\/merkim-maket\/wp-json\/wp\/v2\/product\/100","targetHints":{"allow":["GET"]}}],"collection":[{"href":"https:\/\/merkim.com.tr\/merkim-maket\/wp-json\/wp\/v2\/product"}],"about":[{"href":"https:\/\/merkim.com.tr\/merkim-maket\/wp-json\/wp\/v2\/types\/product"}],"replies":[{"embeddable":true,"href":"https:\/\/merkim.com.tr\/merkim-maket\/wp-json\/wp\/v2\/comments?post=100"}],"wp:featuredmedia":[{"embeddable":true,"href":"https:\/\/merkim.com.tr\/merkim-maket\/wp-json\/wp\/v2\/media\/101"}],"wp:attachment":[{"href":"https:\/\/merkim.com.tr\/merkim-maket\/wp-json\/wp\/v2\/media?parent=100"}],"wp:term":[{"taxonomy":"product_brand","embeddable":true,"href":"https:\/\/merkim.com.tr\/merkim-maket\/wp-json\/wp\/v2\/product_brand?post=100"},{"taxonomy":"product_cat","embeddable":true,"href":"https:\/\/merkim.com.tr\/merkim-maket\/wp-json\/wp\/v2\/product_cat?post=100"},{"taxonomy":"product_tag","embeddable":true,"href":"https:\/\/merkim.com.tr\/merkim-maket\/wp-json\/wp\/v2\/product_tag?post=100"}],"curies":[{"name":"wp","href":"https:\/\/api.w.org\/{rel}","templated":true}]}}