{"id":8,"date":"2025-06-05T11:57:05","date_gmt":"2025-06-05T11:57:05","guid":{"rendered":"https:\/\/merkim.com.tr\/merkim-maket\/index.php\/sepet\/"},"modified":"2025-06-05T13:16:44","modified_gmt":"2025-06-05T13:16:44","slug":"sepet","status":"publish","type":"page","link":"https:\/\/merkim.com.tr\/merkim-maket\/sepet\/","title":{"rendered":"Sepet"},"content":{"rendered":"<div data-block-name=\"woocommerce\/cart\" class=\"wp-block-woocommerce-cart alignwide is-loading\"><div data-block-name=\"woocommerce\/filled-cart-block\" class=\"wp-block-woocommerce-filled-cart-block\"><div data-block-name=\"woocommerce\/cart-items-block\" class=\"wp-block-woocommerce-cart-items-block\"><div data-block-name=\"woocommerce\/cart-line-items-block\" class=\"wp-block-woocommerce-cart-line-items-block\"><\/div>\n\n<div data-block-name=\"woocommerce\/cart-cross-sells-block\" class=\"wp-block-woocommerce-cart-cross-sells-block\"><h2 class=\"wp-block-heading has-large-font-size\">\u0130lginizi \u00e7ekebilir\u2026<\/h2>\n\n<div data-block-name=\"woocommerce\/cart-cross-sells-products-block\" class=\"wp-block-woocommerce-cart-cross-sells-products-block\"><\/div><\/div><\/div>\n\n<div data-block-name=\"woocommerce\/cart-totals-block\" class=\"wp-block-woocommerce-cart-totals-block\"><div data-block-name=\"woocommerce\/cart-order-summary-block\" class=\"wp-block-woocommerce-cart-order-summary-block\"><div data-block-name=\"woocommerce\/cart-order-summary-heading-block\" class=\"wp-block-woocommerce-cart-order-summary-heading-block\"><\/div><div data-block-name=\"woocommerce\/cart-order-summary-coupon-form-block\" class=\"wp-block-woocommerce-cart-order-summary-coupon-form-block\"><\/div><div data-block-name=\"woocommerce\/cart-order-summary-totals-block\" class=\"wp-block-woocommerce-cart-order-summary-totals-block\">\n<div data-block-name=\"woocommerce\/cart-order-summary-subtotal-block\" class=\"wp-block-woocommerce-cart-order-summary-subtotal-block\"><\/div>\n<div data-block-name=\"woocommerce\/cart-order-summary-discount-block\" class=\"wp-block-woocommerce-cart-order-summary-discount-block\"><\/div>\n<div data-block-name=\"woocommerce\/cart-order-summary-fee-block\" class=\"wp-block-woocommerce-cart-order-summary-fee-block\"><\/div>\n<div data-block-name=\"woocommerce\/cart-order-summary-shipping-block\" class=\"wp-block-woocommerce-cart-order-summary-shipping-block\"><\/div>\n<div data-block-name=\"woocommerce\/cart-order-summary-taxes-block\" class=\"wp-block-woocommerce-cart-order-summary-taxes-block\"><\/div><\/div><\/div>\n\n<div data-block-name=\"woocommerce\/cart-express-payment-block\" class=\"wp-block-woocommerce-cart-express-payment-block\"><\/div>\n\n<div data-block-name=\"woocommerce\/proceed-to-checkout-block\" class=\"wp-block-woocommerce-proceed-to-checkout-block\"><\/div>\n\n<div data-block-name=\"woocommerce\/cart-accepted-payment-methods-block\" class=\"wp-block-woocommerce-cart-accepted-payment-methods-block\"><\/div><\/div><\/div>\n\n<div data-block-name=\"woocommerce\/empty-cart-block\" class=\"wp-block-woocommerce-empty-cart-block\"><h2 class=\"wp-block-heading has-text-align-center with-empty-cart-icon wc-block-cart__empty-cart__title\">Sepetiniz \u015fu anda bo\u015f!<\/h2>\n\n<hr class=\"wp-block-separator has-alpha-channel-opacity is-style-dots\"\/>\n\n<h2 class=\"wp-block-heading has-text-align-center\">Ma\u011fazada yeni<\/h2>\n\n<div data-block-name=\"woocommerce\/product-new\" data-columns=\"4\" data-rows=\"1\" class=\"wc-block-grid wp-block-product-new wp-block-woocommerce-product-new wc-block-product-new has-4-columns\"><ul class=\"wc-block-grid__products\"><li class=\"wc-block-grid__product\">\n\t\t\t\t<a href=\"https:\/\/merkim.com.tr\/merkim-maket\/urun\/kim-yenidogan-cpr-mankeni-tasima-cantali-hafif-model\/\" class=\"wc-block-grid__product-link\">\n\t\t\t\t\t\n\t\t\t\t\t<div class=\"wc-block-grid__product-image\"><img loading=\"lazy\" decoding=\"async\" width=\"324\" height=\"324\" src=\"https:\/\/merkim.com.tr\/merkim-maket\/wp-content\/uploads\/2025\/07\/kim-yenidogan-cpr-mankeni-egitim-nasco-324x324.png\" class=\"attachment-woocommerce_thumbnail size-woocommerce_thumbnail\" alt=\"Kim Yenido\u011fan CPR Mankeni \u2013 Ta\u015f\u0131ma \u00c7antal\u0131 (Nasco Healthcare)\" srcset=\"https:\/\/merkim.com.tr\/merkim-maket\/wp-content\/uploads\/2025\/07\/kim-yenidogan-cpr-mankeni-egitim-nasco-324x324.png 324w, https:\/\/merkim.com.tr\/merkim-maket\/wp-content\/uploads\/2025\/07\/kim-yenidogan-cpr-mankeni-egitim-nasco-300x300.png 300w, https:\/\/merkim.com.tr\/merkim-maket\/wp-content\/uploads\/2025\/07\/kim-yenidogan-cpr-mankeni-egitim-nasco-150x150.png 150w, https:\/\/merkim.com.tr\/merkim-maket\/wp-content\/uploads\/2025\/07\/kim-yenidogan-cpr-mankeni-egitim-nasco-768x768.png 768w, https:\/\/merkim.com.tr\/merkim-maket\/wp-content\/uploads\/2025\/07\/kim-yenidogan-cpr-mankeni-egitim-nasco-416x416.png 416w, https:\/\/merkim.com.tr\/merkim-maket\/wp-content\/uploads\/2025\/07\/kim-yenidogan-cpr-mankeni-egitim-nasco-100x100.png 100w, https:\/\/merkim.com.tr\/merkim-maket\/wp-content\/uploads\/2025\/07\/kim-yenidogan-cpr-mankeni-egitim-nasco.png 800w\" sizes=\"auto, (max-width: 324px) 100vw, 324px\" \/><\/div>\n\t\t\t\t\t<div class=\"wc-block-grid__product-title\">Kim Yenido\u011fan CPR Mankeni (Ta\u015f\u0131ma \u00c7antal\u0131 &#8211; Hafif Model)<\/div>\n\t\t\t\t<\/a>\n\t\t\t\t<div class=\"wc-block-grid__product-price price\"><\/div>\n\t\t\t\t\n\t\t\t\t<div class=\"wp-block-button wc-block-grid__product-add-to-cart\"><a href=\"https:\/\/merkim.com.tr\/merkim-maket\/urun\/kim-yenidogan-cpr-mankeni-tasima-cantali-hafif-model\/\" aria-label=\"&ldquo;Kim Yenido\u011fan CPR Mankeni (Ta\u015f\u0131ma \u00c7antal\u0131 - Hafif Model)&rdquo; hakk\u0131nda daha fazla bilgi edinin\" data-quantity=\"1\" data-product_id=\"564\" data-product_sku=\"100-2901\" data-price=\"0\" rel=\"nofollow\" class=\"wp-block-button__link  add_to_cart_button\">Devam\u0131n\u0131 oku<\/a><\/div>\n\t\t\t<\/li><li class=\"wc-block-grid__product\">\n\t\t\t\t<a href=\"https:\/\/merkim.com.tr\/merkim-maket\/urun\/kyle-3-yas-cpr-mankeni-tasima-cantali-hafif-model\/\" class=\"wc-block-grid__product-link\">\n\t\t\t\t\t\n\t\t\t\t\t<div class=\"wc-block-grid__product-image\"><img loading=\"lazy\" decoding=\"async\" width=\"324\" height=\"324\" src=\"https:\/\/merkim.com.tr\/merkim-maket\/wp-content\/uploads\/2025\/07\/kyle-3-yas-cocuk-cpr-mankeni-egitim-nasco-324x324.png\" class=\"attachment-woocommerce_thumbnail size-woocommerce_thumbnail\" alt=\"Kyle 3 Ya\u015f \u00c7ocuk CPR E\u011fitim Mankeni \u2013 Nasco Healthcare\" srcset=\"https:\/\/merkim.com.tr\/merkim-maket\/wp-content\/uploads\/2025\/07\/kyle-3-yas-cocuk-cpr-mankeni-egitim-nasco-324x324.png 324w, https:\/\/merkim.com.tr\/merkim-maket\/wp-content\/uploads\/2025\/07\/kyle-3-yas-cocuk-cpr-mankeni-egitim-nasco-300x300.png 300w, https:\/\/merkim.com.tr\/merkim-maket\/wp-content\/uploads\/2025\/07\/kyle-3-yas-cocuk-cpr-mankeni-egitim-nasco-150x150.png 150w, https:\/\/merkim.com.tr\/merkim-maket\/wp-content\/uploads\/2025\/07\/kyle-3-yas-cocuk-cpr-mankeni-egitim-nasco-768x768.png 768w, https:\/\/merkim.com.tr\/merkim-maket\/wp-content\/uploads\/2025\/07\/kyle-3-yas-cocuk-cpr-mankeni-egitim-nasco-416x416.png 416w, https:\/\/merkim.com.tr\/merkim-maket\/wp-content\/uploads\/2025\/07\/kyle-3-yas-cocuk-cpr-mankeni-egitim-nasco-100x100.png 100w, https:\/\/merkim.com.tr\/merkim-maket\/wp-content\/uploads\/2025\/07\/kyle-3-yas-cocuk-cpr-mankeni-egitim-nasco.png 800w\" sizes=\"auto, (max-width: 324px) 100vw, 324px\" \/><\/div>\n\t\t\t\t\t<div class=\"wc-block-grid__product-title\">Kyle 3 Ya\u015f CPR Mankeni (Ta\u015f\u0131ma \u00c7antal\u0131 &#8211; Hafif Model)<\/div>\n\t\t\t\t<\/a>\n\t\t\t\t<div class=\"wc-block-grid__product-price price\"><\/div>\n\t\t\t\t\n\t\t\t\t<div class=\"wp-block-button wc-block-grid__product-add-to-cart\"><a href=\"https:\/\/merkim.com.tr\/merkim-maket\/urun\/kyle-3-yas-cpr-mankeni-tasima-cantali-hafif-model\/\" aria-label=\"&ldquo;Kyle 3 Ya\u015f CPR Mankeni (Ta\u015f\u0131ma \u00c7antal\u0131 - Hafif Model)&rdquo; hakk\u0131nda daha fazla bilgi edinin\" data-quantity=\"1\" data-product_id=\"562\" data-product_sku=\"100-2951\" data-price=\"0\" rel=\"nofollow\" class=\"wp-block-button__link  add_to_cart_button\">Devam\u0131n\u0131 oku<\/a><\/div>\n\t\t\t<\/li><li class=\"wc-block-grid__product\">\n\t\t\t\t<a href=\"https:\/\/merkim.com.tr\/merkim-maket\/urun\/brad-cpr-mankeni-elektronik-konsol-ve-tasima-cantasi-dahil\/\" class=\"wc-block-grid__product-link\">\n\t\t\t\t\t\n\t\t\t\t\t<div class=\"wc-block-grid__product-image\"><img loading=\"lazy\" decoding=\"async\" width=\"324\" height=\"324\" src=\"https:\/\/merkim.com.tr\/merkim-maket\/wp-content\/uploads\/2025\/07\/brad-cpr-mankeni-elektronik-canta-nasco-324x324.png\" class=\"attachment-woocommerce_thumbnail size-woocommerce_thumbnail\" alt=\"Brad Elektronik CPR E\u011fitim Mankeni \u2013 Ta\u015f\u0131ma \u00c7antal\u0131\" srcset=\"https:\/\/merkim.com.tr\/merkim-maket\/wp-content\/uploads\/2025\/07\/brad-cpr-mankeni-elektronik-canta-nasco-324x324.png 324w, https:\/\/merkim.com.tr\/merkim-maket\/wp-content\/uploads\/2025\/07\/brad-cpr-mankeni-elektronik-canta-nasco-300x300.png 300w, https:\/\/merkim.com.tr\/merkim-maket\/wp-content\/uploads\/2025\/07\/brad-cpr-mankeni-elektronik-canta-nasco-150x150.png 150w, https:\/\/merkim.com.tr\/merkim-maket\/wp-content\/uploads\/2025\/07\/brad-cpr-mankeni-elektronik-canta-nasco-768x768.png 768w, https:\/\/merkim.com.tr\/merkim-maket\/wp-content\/uploads\/2025\/07\/brad-cpr-mankeni-elektronik-canta-nasco-416x416.png 416w, https:\/\/merkim.com.tr\/merkim-maket\/wp-content\/uploads\/2025\/07\/brad-cpr-mankeni-elektronik-canta-nasco-100x100.png 100w, https:\/\/merkim.com.tr\/merkim-maket\/wp-content\/uploads\/2025\/07\/brad-cpr-mankeni-elektronik-canta-nasco.png 800w\" sizes=\"auto, (max-width: 324px) 100vw, 324px\" \/><\/div>\n\t\t\t\t\t<div class=\"wc-block-grid__product-title\">Brad CPR Mankeni (Elektronik Konsol ve Ta\u015f\u0131ma \u00c7antas\u0131 Dahil)<\/div>\n\t\t\t\t<\/a>\n\t\t\t\t<div class=\"wc-block-grid__product-price price\"><\/div>\n\t\t\t\t\n\t\t\t\t<div class=\"wp-block-button wc-block-grid__product-add-to-cart\"><a href=\"https:\/\/merkim.com.tr\/merkim-maket\/urun\/brad-cpr-mankeni-elektronik-konsol-ve-tasima-cantasi-dahil\/\" aria-label=\"&ldquo;Brad CPR Mankeni (Elektronik Konsol ve Ta\u015f\u0131ma \u00c7antas\u0131 Dahil)&rdquo; hakk\u0131nda daha fazla bilgi edinin\" data-quantity=\"1\" data-product_id=\"560\" data-product_sku=\"100-2850\" data-price=\"0\" rel=\"nofollow\" class=\"wp-block-button__link  add_to_cart_button\">Devam\u0131n\u0131 oku<\/a><\/div>\n\t\t\t<\/li><li class=\"wc-block-grid__product\">\n\t\t\t\t<a href=\"https:\/\/merkim.com.tr\/merkim-maket\/urun\/full-body-cpr-ve-travma-mankeni-elektronik-konsol-uniteli-acik-ten\/\" class=\"wc-block-grid__product-link\">\n\t\t\t\t\t\n\t\t\t\t\t<div class=\"wc-block-grid__product-image\"><img loading=\"lazy\" decoding=\"async\" width=\"324\" height=\"324\" src=\"https:\/\/merkim.com.tr\/merkim-maket\/wp-content\/uploads\/2025\/07\/full-body-cpr-trauma-mankeni-elektronik-nasco-324x324.png\" class=\"attachment-woocommerce_thumbnail size-woocommerce_thumbnail\" alt=\"Full Body CPR ve Travma Mankeni \u2013 Elektronik Konsollu\" srcset=\"https:\/\/merkim.com.tr\/merkim-maket\/wp-content\/uploads\/2025\/07\/full-body-cpr-trauma-mankeni-elektronik-nasco-324x324.png 324w, https:\/\/merkim.com.tr\/merkim-maket\/wp-content\/uploads\/2025\/07\/full-body-cpr-trauma-mankeni-elektronik-nasco-300x300.png 300w, https:\/\/merkim.com.tr\/merkim-maket\/wp-content\/uploads\/2025\/07\/full-body-cpr-trauma-mankeni-elektronik-nasco-150x150.png 150w, https:\/\/merkim.com.tr\/merkim-maket\/wp-content\/uploads\/2025\/07\/full-body-cpr-trauma-mankeni-elektronik-nasco-768x768.png 768w, https:\/\/merkim.com.tr\/merkim-maket\/wp-content\/uploads\/2025\/07\/full-body-cpr-trauma-mankeni-elektronik-nasco-416x416.png 416w, https:\/\/merkim.com.tr\/merkim-maket\/wp-content\/uploads\/2025\/07\/full-body-cpr-trauma-mankeni-elektronik-nasco-100x100.png 100w, https:\/\/merkim.com.tr\/merkim-maket\/wp-content\/uploads\/2025\/07\/full-body-cpr-trauma-mankeni-elektronik-nasco.png 800w\" sizes=\"auto, (max-width: 324px) 100vw, 324px\" \/><\/div>\n\t\t\t\t\t<div class=\"wc-block-grid__product-title\">Full Body CPR ve Travma Mankeni (Elektronik Konsol \u00dcniteli &#8211; A\u00e7\u0131k Ten)<\/div>\n\t\t\t\t<\/a>\n\t\t\t\t<div class=\"wc-block-grid__product-price price\"><\/div>\n\t\t\t\t\n\t\t\t\t<div class=\"wp-block-button wc-block-grid__product-add-to-cart\"><a href=\"https:\/\/merkim.com.tr\/merkim-maket\/urun\/full-body-cpr-ve-travma-mankeni-elektronik-konsol-uniteli-acik-ten\/\" aria-label=\"&ldquo;Full Body CPR ve Travma Mankeni (Elektronik Konsol \u00dcniteli - A\u00e7\u0131k Ten)&rdquo; hakk\u0131nda daha fazla bilgi edinin\" data-quantity=\"1\" data-product_id=\"558\" data-product_sku=\"100-2725\" data-price=\"0\" rel=\"nofollow\" class=\"wp-block-button__link  add_to_cart_button\">Devam\u0131n\u0131 oku<\/a><\/div>\n\t\t\t<\/li><\/ul><\/div><\/div><\/div>","protected":false},"excerpt":{"rendered":"","protected":false},"author":1,"featured_media":0,"parent":0,"menu_order":0,"comment_status":"closed","ping_status":"closed","template":"","meta":{"footnotes":""},"class_list":["post-8","page","type-page","status-publish","hentry"],"yoast_head":"<!-- This site is optimized with the Yoast SEO plugin v25.2 - https:\/\/yoast.com\/wordpress\/plugins\/seo\/ -->\n<title>Sepet - Merkim Maket<\/title>\n<meta name=\"robots\" content=\"index, follow, max-snippet:-1, max-image-preview:large, max-video-preview:-1\" \/>\n<link rel=\"canonical\" href=\"https:\/\/merkim.com.tr\/merkim-maket\/sepet\/\" \/>\n<meta property=\"og:locale\" content=\"tr_TR\" \/>\n<meta property=\"og:type\" content=\"article\" \/>\n<meta property=\"og:title\" content=\"Sepet - Merkim Maket\" \/>\n<meta property=\"og:url\" content=\"https:\/\/merkim.com.tr\/merkim-maket\/sepet\/\" \/>\n<meta property=\"og:site_name\" content=\"Merkim Maket\" \/>\n<meta property=\"article:modified_time\" content=\"2025-06-05T13:16:44+00:00\" \/>\n<meta name=\"twitter:card\" content=\"summary_large_image\" \/>\n<script type=\"application\/ld+json\" class=\"yoast-schema-graph\">{\"@context\":\"https:\/\/schema.org\",\"@graph\":[{\"@type\":\"WebPage\",\"@id\":\"https:\/\/merkim.com.tr\/merkim-maket\/sepet\/\",\"url\":\"https:\/\/merkim.com.tr\/merkim-maket\/sepet\/\",\"name\":\"Sepet - Merkim Maket\",\"isPartOf\":{\"@id\":\"https:\/\/merkim.com.tr\/merkim-maket\/#website\"},\"datePublished\":\"2025-06-05T11:57:05+00:00\",\"dateModified\":\"2025-06-05T13:16:44+00:00\",\"breadcrumb\":{\"@id\":\"https:\/\/merkim.com.tr\/merkim-maket\/sepet\/#breadcrumb\"},\"inLanguage\":\"tr\",\"potentialAction\":[{\"@type\":\"ReadAction\",\"target\":[\"https:\/\/merkim.com.tr\/merkim-maket\/sepet\/\"]}]},{\"@type\":\"BreadcrumbList\",\"@id\":\"https:\/\/merkim.com.tr\/merkim-maket\/sepet\/#breadcrumb\",\"itemListElement\":[{\"@type\":\"ListItem\",\"position\":1,\"name\":\"Anasayfa\",\"item\":\"https:\/\/merkim.com.tr\/merkim-maket\/\"},{\"@type\":\"ListItem\",\"position\":2,\"name\":\"Sepet\"}]},{\"@type\":\"WebSite\",\"@id\":\"https:\/\/merkim.com.tr\/merkim-maket\/#website\",\"url\":\"https:\/\/merkim.com.tr\/merkim-maket\/\",\"name\":\"Merkim Maket\",\"description\":\"\",\"potentialAction\":[{\"@type\":\"SearchAction\",\"target\":{\"@type\":\"EntryPoint\",\"urlTemplate\":\"https:\/\/merkim.com.tr\/merkim-maket\/?s={search_term_string}\"},\"query-input\":{\"@type\":\"PropertyValueSpecification\",\"valueRequired\":true,\"valueName\":\"search_term_string\"}}],\"inLanguage\":\"tr\"}]}<\/script>\n<!-- \/ Yoast SEO plugin. -->","yoast_head_json":{"title":"Sepet - Merkim Maket","robots":{"index":"index","follow":"follow","max-snippet":"max-snippet:-1","max-image-preview":"max-image-preview:large","max-video-preview":"max-video-preview:-1"},"canonical":"https:\/\/merkim.com.tr\/merkim-maket\/sepet\/","og_locale":"tr_TR","og_type":"article","og_title":"Sepet - Merkim Maket","og_url":"https:\/\/merkim.com.tr\/merkim-maket\/sepet\/","og_site_name":"Merkim Maket","article_modified_time":"2025-06-05T13:16:44+00:00","twitter_card":"summary_large_image","schema":{"@context":"https:\/\/schema.org","@graph":[{"@type":"WebPage","@id":"https:\/\/merkim.com.tr\/merkim-maket\/sepet\/","url":"https:\/\/merkim.com.tr\/merkim-maket\/sepet\/","name":"Sepet - Merkim Maket","isPartOf":{"@id":"https:\/\/merkim.com.tr\/merkim-maket\/#website"},"datePublished":"2025-06-05T11:57:05+00:00","dateModified":"2025-06-05T13:16:44+00:00","breadcrumb":{"@id":"https:\/\/merkim.com.tr\/merkim-maket\/sepet\/#breadcrumb"},"inLanguage":"tr","potentialAction":[{"@type":"ReadAction","target":["https:\/\/merkim.com.tr\/merkim-maket\/sepet\/"]}]},{"@type":"BreadcrumbList","@id":"https:\/\/merkim.com.tr\/merkim-maket\/sepet\/#breadcrumb","itemListElement":[{"@type":"ListItem","position":1,"name":"Anasayfa","item":"https:\/\/merkim.com.tr\/merkim-maket\/"},{"@type":"ListItem","position":2,"name":"Sepet"}]},{"@type":"WebSite","@id":"https:\/\/merkim.com.tr\/merkim-maket\/#website","url":"https:\/\/merkim.com.tr\/merkim-maket\/","name":"Merkim Maket","description":"","potentialAction":[{"@type":"SearchAction","target":{"@type":"EntryPoint","urlTemplate":"https:\/\/merkim.com.tr\/merkim-maket\/?s={search_term_string}"},"query-input":{"@type":"PropertyValueSpecification","valueRequired":true,"valueName":"search_term_string"}}],"inLanguage":"tr"}]}},"_links":{"self":[{"href":"https:\/\/merkim.com.tr\/merkim-maket\/wp-json\/wp\/v2\/pages\/8","targetHints":{"allow":["GET"]}}],"collection":[{"href":"https:\/\/merkim.com.tr\/merkim-maket\/wp-json\/wp\/v2\/pages"}],"about":[{"href":"https:\/\/merkim.com.tr\/merkim-maket\/wp-json\/wp\/v2\/types\/page"}],"author":[{"embeddable":true,"href":"https:\/\/merkim.com.tr\/merkim-maket\/wp-json\/wp\/v2\/users\/1"}],"replies":[{"embeddable":true,"href":"https:\/\/merkim.com.tr\/merkim-maket\/wp-json\/wp\/v2\/comments?post=8"}],"version-history":[{"count":1,"href":"https:\/\/merkim.com.tr\/merkim-maket\/wp-json\/wp\/v2\/pages\/8\/revisions"}],"predecessor-version":[{"id":17,"href":"https:\/\/merkim.com.tr\/merkim-maket\/wp-json\/wp\/v2\/pages\/8\/revisions\/17"}],"wp:attachment":[{"href":"https:\/\/merkim.com.tr\/merkim-maket\/wp-json\/wp\/v2\/media?parent=8"}],"curies":[{"name":"wp","href":"https:\/\/api.w.org\/{rel}","templated":true}]}}